{"id":25198,"date":"2017-01-10T22:08:09","date_gmt":"2017-01-11T00:08:09","guid":{"rendered":"http:\/\/www.vivianbergamo.com.br\/?page_id=25198"},"modified":"2017-01-16T20:44:16","modified_gmt":"2017-01-16T22:44:16","slug":"sobre-a-psicopedagogia","status":"publish","type":"page","link":"https:\/\/www.vivianbergamo.com.br\/pagina-inicial\/sobre-a-psicopedagogia\/","title":{"rendered":"Sobre a Psicopedagogia"},"content":{"rendered":"<p>[et_pb_section admin_label=&#8221;section&#8221;][et_pb_row admin_label=&#8221;row&#8221;][et_pb_column type=&#8221;1_3&#8243;][et_pb_image admin_label=&#8221;Imagem&#8221; src=&#8221;http:\/\/www.vivianbergamo.com.br\/wp-content\/uploads\/2017\/01\/abpp-logo-cor.jpg&#8221; show_in_lightbox=&#8221;off&#8221; url_new_window=&#8221;off&#8221; use_overlay=&#8221;off&#8221; animation=&#8221;left&#8221; sticky=&#8221;off&#8221; align=&#8221;left&#8221; force_fullwidth=&#8221;off&#8221; always_center_on_mobile=&#8221;on&#8221; use_border_color=&#8221;off&#8221; border_color=&#8221;#ffffff&#8221; border_style=&#8221;solid&#8221;] [\/et_pb_image][et_pb_image admin_label=&#8221;Imagem&#8221; src=&#8221;http:\/\/www.vivianbergamo.com.br\/wp-content\/uploads\/2017\/01\/20170111_112149.jpg&#8221; show_in_lightbox=&#8221;off&#8221; url_new_window=&#8221;off&#8221; use_overlay=&#8221;off&#8221; animation=&#8221;left&#8221; sticky=&#8221;off&#8221; align=&#8221;left&#8221; force_fullwidth=&#8221;off&#8221; always_center_on_mobile=&#8221;on&#8221; use_border_color=&#8221;off&#8221; border_color=&#8221;#ffffff&#8221; border_style=&#8221;solid&#8221;] [\/et_pb_image][et_pb_image admin_label=&#8221;Imagem&#8221; src=&#8221;http:\/\/www.vivianbergamo.com.br\/wp-content\/uploads\/2017\/01\/20170111_112338-1.jpg&#8221; show_in_lightbox=&#8221;off&#8221; url_new_window=&#8221;off&#8221; use_overlay=&#8221;off&#8221; animation=&#8221;left&#8221; sticky=&#8221;off&#8221; align=&#8221;left&#8221; force_fullwidth=&#8221;off&#8221; always_center_on_mobile=&#8221;on&#8221; use_border_color=&#8221;off&#8221; border_color=&#8221;#ffffff&#8221; border_style=&#8221;solid&#8221;] [\/et_pb_image][et_pb_image admin_label=&#8221;Imagem&#8221; src=&#8221;http:\/\/www.vivianbergamo.com.br\/wp-content\/uploads\/2017\/01\/20170111_1122470.jpg&#8221; show_in_lightbox=&#8221;off&#8221; url_new_window=&#8221;off&#8221; use_overlay=&#8221;off&#8221; animation=&#8221;left&#8221; sticky=&#8221;off&#8221; align=&#8221;left&#8221; force_fullwidth=&#8221;off&#8221; always_center_on_mobile=&#8221;on&#8221; use_border_color=&#8221;off&#8221; border_color=&#8221;#ffffff&#8221; border_style=&#8221;solid&#8221;] [\/et_pb_image][\/et_pb_column][et_pb_column type=&#8221;2_3&#8243;][et_pb_text admin_label=&#8221;Texto&#8221; background_layout=&#8221;light&#8221; text_orientation=&#8221;justified&#8221; use_border_color=&#8221;off&#8221; border_color=&#8221;#ffffff&#8221; border_style=&#8221;solid&#8221;]<\/p>\n<p><em><strong>Conhe\u00e7a um pouco mais sobre a psicopedagogia<\/strong><\/em><\/p>\n<p>\u00c9 um trabalho voltado para o processo de aprendizagem e suas dificuldades e, em uma a\u00e7\u00e3o profissional, deve englobar v\u00e1rios campos do conhecimento, integrando-os e promovendo o desenvolvimento e as potencialidades do individuo.<\/p>\n<p>Entende-se como atendimento psicopedag\u00f3gico clinico a investiga\u00e7\u00e3o e a interven\u00e7\u00e3o para que se compreenda o significado, a causa e a modalidade da aprendizagem do individuo, com intuito de sanar suas dificuldades.<\/p>\n<p>A Psicopedagogia Cl\u00ednica procura compreender de forma global e integrada os processos cognitivos, emocionais, sociais, culturais, org\u00e2nicos e pedag\u00f3gicos que interferem na aprendizagem, a fim de possibilitar situa\u00e7\u00f5es que resgatem o prazer de aprender em sua totalidade, incluindo a promo\u00e7\u00e3o integra\u00e7\u00e3o entre pais, professores, orientadores educacionais e demais especialistas que transitam no universo educacional do aluno.<\/p>\n<p><em><strong>O trabalho psicopedag\u00f3gico<\/strong><\/em><\/p>\n<p>O trabalho psicopedag\u00f3gico \u00e9 estimado para aqueles que apresentam dificuldade moment\u00e2nea ou permanente nos aspectos do seu desenvolvimento. O trabalho tamb\u00e9m \u00e9 voltado para os pais e para as escolas, com a fun\u00e7\u00e3o de orienta\u00e7\u00e3o e suporte pedag\u00f3gico e psicopedag\u00f3gico.<\/p>\n<p><em><strong>Metas do atendimento psicopedag\u00f3gico<\/strong><\/em><\/p>\n<ul>\n<li>Inclus\u00e3o Escolar &#8211; Acompanhamento pedag\u00f3gico-Material Adaptado<\/li>\n<li>Orienta\u00e7\u00e3o aos pais- Orienta\u00e7\u00e3o aos professores- Orienta\u00e7\u00e3o \u00a0Vocacional- Acompanhamento do comportamento.<\/li>\n<\/ul>\n<p><em><strong>P\u00fablico alvo atendimento psicopedag\u00f3gico<\/strong><\/em><\/p>\n<ul>\n<li>Crian\u00e7as e adolescente com necessidades educacionais especiais \u2013 defici\u00eancia auditiva, s\u00edndrome gen\u00e9ticas, defici\u00eancia cognitiva, baixa vis\u00e3o, defici\u00eancia intelectual<\/li>\n<li>Crian\u00e7as e adolescentes com problemas\/transtornos de aprendizagem<\/li>\n<li>Crian\u00e7as e adolescentes com dificuldades de aprendizagem<\/li>\n<\/ul>\n<p>[\/et_pb_text][\/et_pb_column][\/et_pb_row][\/et_pb_section]<\/p>\n","protected":false},"excerpt":{"rendered":"<p>Conhe\u00e7a um pouco mais sobre a psicopedagogia \u00c9 um trabalho voltado para o processo de aprendizagem e suas dificuldades e, em uma a\u00e7\u00e3o profissional, deve englobar v\u00e1rios campos do conhecimento, integrando-os e promovendo o desenvolvimento e as potencialidades do individuo. Entende-se como atendimento psicopedag\u00f3gico clinico a investiga\u00e7\u00e3o e a interven\u00e7\u00e3o para que se compreenda o [&hellip;]<\/p>\n","protected":false},"author":1,"featured_media":0,"parent":0,"menu_order":0,"comment_status":"closed","ping_status":"closed","template":"","meta":{"_et_pb_use_builder":"on","_et_pb_old_content":"","_et_gb_content_width":"","footnotes":""},"class_list":["post-25198","page","type-page","status-publish","hentry"],"_links":{"self":[{"href":"https:\/\/www.vivianbergamo.com.br\/pagina-inicial\/wp-json\/wp\/v2\/pages\/25198","targetHints":{"allow":["GET"]}}],"collection":[{"href":"https:\/\/www.vivianbergamo.com.br\/pagina-inicial\/wp-json\/wp\/v2\/pages"}],"about":[{"href":"https:\/\/www.vivianbergamo.com.br\/pagina-inicial\/wp-json\/wp\/v2\/types\/page"}],"author":[{"embeddable":true,"href":"https:\/\/www.vivianbergamo.com.br\/pagina-inicial\/wp-json\/wp\/v2\/users\/1"}],"replies":[{"embeddable":true,"href":"https:\/\/www.vivianbergamo.com.br\/pagina-inicial\/wp-json\/wp\/v2\/comments?post=25198"}],"version-history":[{"count":3,"href":"https:\/\/www.vivianbergamo.com.br\/pagina-inicial\/wp-json\/wp\/v2\/pages\/25198\/revisions"}],"predecessor-version":[{"id":25242,"href":"https:\/\/www.vivianbergamo.com.br\/pagina-inicial\/wp-json\/wp\/v2\/pages\/25198\/revisions\/25242"}],"wp:attachment":[{"href":"https:\/\/www.vivianbergamo.com.br\/pagina-inicial\/wp-json\/wp\/v2\/media?parent=25198"}],"curies":[{"name":"wp","href":"https:\/\/api.w.org\/{rel}","templated":true}]}}