{"id":25261,"date":"2017-01-27T14:48:54","date_gmt":"2017-01-27T16:48:54","guid":{"rendered":"http:\/\/www.vivianbergamo.com.br\/?page_id=25261"},"modified":"2017-07-16T22:07:30","modified_gmt":"2017-07-17T01:07:30","slug":"nossos-servicos","status":"publish","type":"page","link":"https:\/\/www.vivianbergamo.com.br\/pagina-inicial\/nossos-servicos\/","title":{"rendered":"Nossos Servi\u00e7os"},"content":{"rendered":"<p>[et_pb_section fb_built=&#8221;1&#8243; admin_label=&#8221;section&#8221; _builder_version=&#8221;3.0.60&#8243;][et_pb_row custom_width_px=&#8221;1359px&#8221; custom_padding=&#8221;|||&#8221; admin_label=&#8221;row&#8221; _builder_version=&#8221;3.0.60&#8243; background_size=&#8221;initial&#8221; background_position=&#8221;top_left&#8221; background_repeat=&#8221;repeat&#8221;][et_pb_column type=&#8221;4_4&#8243; _builder_version=&#8221;3.0.47&#8243; parallax=&#8221;off&#8221; parallax_method=&#8221;on&#8221;][et_pb_text admin_label=&#8221;Texto&#8221; _builder_version=&#8221;3.0.60&#8243; background_size=&#8221;initial&#8221; background_position=&#8221;top_left&#8221; background_repeat=&#8221;repeat&#8221;]<\/p>\n<p>&nbsp;<\/p>\n<p><strong>Avalia\u00e7\u00e3o Psicol\u00f3gica: <\/strong>\u00e9 um procedimento t\u00e9cnico-cient\u00edfico que pode ser realizado de maneira individual ou em grupo, cujo objetivo \u00e9 avaliar os processos psicol\u00f3gicos de uma pessoa ou de um grupo por meio de instrumentos previamente validados que corresponda ao objetivo da avalia\u00e7\u00e3o. Esse tipo de avalia\u00e7\u00e3o \u00e9 realizada por um psic\u00f3logo que \u00e9 o \u00fanico profissional habilitado por lei para exercer essa fun\u00e7\u00e3o e fornece informa\u00e7\u00f5es que os ajudam a responder quest\u00f5es sobre o funcionamento psicol\u00f3gico das pessoas e sua implica\u00e7\u00f5es na vida cotidiana e nas rela\u00e7\u00f5es interpessoais.<\/p>\n<p>&nbsp;<\/p>\n<p><strong>Orienta\u00e7\u00e3o Vocacional: <\/strong>esse tipo de atendimento tem a finalidade de auxiliar na prepara\u00e7\u00e3o de jovens e adultos para sua escolha profissional, por meio da avalia\u00e7\u00e3o e orienta\u00e7\u00e3o sobre suas aptid\u00f5es e \u00e1reas de interesses; sugerir caminhos ou tend\u00eancias profissionais, que possam estar mais pr\u00f3ximas das possibilidades, capacidades e interesses do examinado. Ampliar os conhecimentos para enfrentar os desafios e a competitividade no mercado de trabalho.<\/p>\n<p>&nbsp;<\/p>\n<p><strong>Atendimentos Individuais e em Grupo: <\/strong>o atendimento individual \u00e9 voltado para crian\u00e7as e adultos com demandas psicol\u00f3gicas e psicopedag\u00f3gicas\u00a0 e o atendimento em grupo possibilita ampliar as interven\u00e7\u00f5es e orienta\u00e7\u00f5es e desenvolver integra\u00e7\u00e3o entre os seus participantes (crian\u00e7as,adolescentes,adultos e pais).<\/p>\n<p>&nbsp;<\/p>\n<p><strong>Palestras: <\/strong>com temas adequados para diferentes faixas et\u00e1rias tem como foco a atua\u00e7\u00e3o em consult\u00f3rios, escolas e diferentes institui\u00e7\u00f5es que visam trabalhar e ampliar por meio da psicoeduca\u00e7\u00e3o e da orienta\u00e7\u00e3o seus conhecimentos e construir seus pr\u00f3prios caminhos.<\/p>\n<p>&nbsp;<\/p>\n<p><strong>Supervis\u00e3o Skype: <\/strong>a supervis\u00e3o psicopedag\u00f3gica tem o objetivo de auxiliar profissionais da \u00e1rea da psicopedagogia na compreens\u00e3o dos conte\u00fados\u00a0 dos atendimentos do per\u00edodo de avalia\u00e7\u00e3o e interven\u00e7\u00e3o. A supervis\u00e3o psicopedag\u00f3gica caracteriza-se como processo:<\/p>\n<p>*Realiza\u00e7\u00e3o de diagn\u00f3stico e interven\u00e7\u00e3o psicopedag\u00f3gica , mediante a utiliza\u00e7\u00e3o de instrumentos e t\u00e9cnicas pr\u00f3prios de psicopedagogia;<\/p>\n<p>*Utiliza\u00e7\u00e3o de m\u00e9todos, t\u00e9cnicas e instrumentos psicopedag\u00f3gicos que tenham por finalidade a pesquisa, a preven\u00e7\u00e3o, a avalia\u00e7\u00e3o e a interven\u00e7\u00e3o relacionadas com a aprendizagem;<\/p>\n<p>*Supervis\u00e3o de profissionais em trabalhos te\u00f3ricos e pr\u00e1ticos de psicopedagogia; orienta\u00e7\u00e3o, coordena\u00e7\u00e3o e supervis\u00e3o de cursos de psicopedagogia;<\/p>\n<p>&nbsp;<\/p>\n<p><strong>Sala de Interven\u00e7\u00e3o: <\/strong>caracteriza-se por ser um ambiente onde s\u00e3o realizadas as atividades de interven\u00e7\u00e3o psicopedag\u00f3gica, oficinas de leitura, grupos de atividades.<\/p>\n<p>A sala de interven\u00e7\u00e3o \u00e9 um espa\u00e7o que valoriza o brincar em grupo, o brincar sozinho, o jogo simb\u00f3lico e o faz de conta, al\u00e9m de estimular a motiva\u00e7\u00e3o, o interesse e a descoberta do aprender.<\/p>\n<p>&nbsp;<\/p>\n<p><strong>Avalia\u00e7\u00e3o Psicopedag\u00f3gica: <\/strong>\u00e9 \u00a0um procedimento t\u00e9cnico cient\u00edfico, cujo objetivo \u00e9 avaliar os aspectos org\u00e2nicos\u00a0 cognitivos, emocionais sociais e pedag\u00f3gicos.<\/p>\n<p>Todo diagn\u00f3stico psicopedag\u00f3gico \u00e9 uma investiga\u00e7\u00e3o sobre o que n\u00e3o vai\u00a0 bem com o sujeito em rela\u00e7\u00e3o a uma conduta esperada. Nesse processo busca-se o esclarecimento de uma queixa, do pr\u00f3prio sujeito, da fam\u00edlia e, na maioria das vezes, da escola. Nessa investiga\u00e7\u00e3o busca-se obter uma compreens\u00e3o global da forma de aprender e dos desvios que est\u00e3o ocorrendo nesse processo.<\/p>\n<p>A partir da avalia\u00e7\u00e3o psicopedag\u00f3gica, s\u00e3o tra\u00e7adas as orienta\u00e7\u00f5es aos pais e os objetivos do atendimento, com interven\u00e7\u00f5es voltadas para as dificuldades da crian\u00e7a.<\/p>\n<p>[\/et_pb_text][\/et_pb_column][\/et_pb_row][\/et_pb_section]<\/p>\n","protected":false},"excerpt":{"rendered":"<p>&nbsp; Avalia\u00e7\u00e3o Psicol\u00f3gica: \u00e9 um procedimento t\u00e9cnico-cient\u00edfico que pode ser realizado de maneira individual ou em grupo, cujo objetivo \u00e9 avaliar os processos psicol\u00f3gicos de uma pessoa ou de um grupo por meio de instrumentos previamente validados que corresponda ao objetivo da avalia\u00e7\u00e3o. Esse tipo de avalia\u00e7\u00e3o \u00e9 realizada por um psic\u00f3logo que \u00e9 o [&hellip;]<\/p>\n","protected":false},"author":1,"featured_media":0,"parent":0,"menu_order":0,"comment_status":"closed","ping_status":"closed","template":"","meta":{"_et_pb_use_builder":"on","_et_pb_old_content":"","_et_gb_content_width":"","footnotes":""},"class_list":["post-25261","page","type-page","status-publish","hentry"],"_links":{"self":[{"href":"https:\/\/www.vivianbergamo.com.br\/pagina-inicial\/wp-json\/wp\/v2\/pages\/25261","targetHints":{"allow":["GET"]}}],"collection":[{"href":"https:\/\/www.vivianbergamo.com.br\/pagina-inicial\/wp-json\/wp\/v2\/pages"}],"about":[{"href":"https:\/\/www.vivianbergamo.com.br\/pagina-inicial\/wp-json\/wp\/v2\/types\/page"}],"author":[{"embeddable":true,"href":"https:\/\/www.vivianbergamo.com.br\/pagina-inicial\/wp-json\/wp\/v2\/users\/1"}],"replies":[{"embeddable":true,"href":"https:\/\/www.vivianbergamo.com.br\/pagina-inicial\/wp-json\/wp\/v2\/comments?post=25261"}],"version-history":[{"count":9,"href":"https:\/\/www.vivianbergamo.com.br\/pagina-inicial\/wp-json\/wp\/v2\/pages\/25261\/revisions"}],"predecessor-version":[{"id":25324,"href":"https:\/\/www.vivianbergamo.com.br\/pagina-inicial\/wp-json\/wp\/v2\/pages\/25261\/revisions\/25324"}],"wp:attachment":[{"href":"https:\/\/www.vivianbergamo.com.br\/pagina-inicial\/wp-json\/wp\/v2\/media?parent=25261"}],"curies":[{"name":"wp","href":"https:\/\/api.w.org\/{rel}","templated":true}]}}